{"id":1365,"date":"2025-03-14T12:01:42","date_gmt":"2025-03-14T12:01:42","guid":{"rendered":"https:\/\/lpg-charlotte.com\/?page_id=1365"},"modified":"2025-03-14T12:29:46","modified_gmt":"2025-03-14T12:29:46","slug":"scientific-studies-adipose-tissue","status":"publish","type":"page","link":"https:\/\/lpg-charlotte.com\/ru\/scientific-studies-adipose-tissue\/","title":{"rendered":"Scientific Studies | Adipose Tissue"},"content":{"rendered":"<div data-elementor-type=\"wp-page\" data-elementor-id=\"1365\" class=\"elementor elementor-1365\" data-elementor-post-type=\"page\">\n\t\t\t\t<div class=\"elementor-element elementor-element-09da641 blog e-flex e-con-boxed e-con e-parent\" data-id=\"09da641\" data-element_type=\"container\" data-e-type=\"container\">\n\t\t\t\t\t<div class=\"e-con-inner\">\n\t\t<div class=\"elementor-element elementor-element-2090bcf e-con-full e-flex e-con e-child\" data-id=\"2090bcf\" data-element_type=\"container\" data-e-type=\"container\">\n\t\t<div class=\"elementor-element elementor-element-2f921e0 e-con-full e-flex elementor-invisible e-con e-child\" data-id=\"2f921e0\" data-element_type=\"container\" data-e-type=\"container\" data-settings=\"{&quot;animation&quot;:&quot;fadeIn&quot;}\">\n\t\t\t\t<div class=\"elementor-element elementor-element-b114497 elementor-widget elementor-widget-button\" data-id=\"b114497\" data-element_type=\"widget\" data-e-type=\"widget\" data-widget_type=\"button.default\">\n\t\t\t\t<div class=\"elementor-widget-container\">\n\t\t\t\t\t\t\t\t\t<div class=\"elementor-button-wrapper\">\n\t\t\t\t\t<a class=\"elementor-button elementor-button-link elementor-size-sm\" href=\"https:\/\/lpg-charlotte.com\/ru\/scientific-studies\/\">\n\t\t\t\t\t\t<span class=\"elementor-button-content-wrapper\">\n\t\t\t\t\t\t\t\t\t<span class=\"elementor-button-text\">\u0418\u0441\u0441\u043b\u0435\u0434\u043e\u0432\u0430\u043d\u0438\u044f<\/span>\n\t\t\t\t\t<\/span>\n\t\t\t\t\t<\/a>\n\t\t\t\t<\/div>\n\t\t\t\t\t\t\t\t<\/div>\n\t\t\t\t<\/div>\n\t\t\t\t<div class=\"elementor-element elementor-element-fc0fe8c elementor-view-default elementor-widget elementor-widget-icon\" data-id=\"fc0fe8c\" data-element_type=\"widget\" data-e-type=\"widget\" data-widget_type=\"icon.default\">\n\t\t\t\t<div class=\"elementor-widget-container\">\n\t\t\t\t\t\t\t<div class=\"elementor-icon-wrapper\">\n\t\t\t<div class=\"elementor-icon\">\n\t\t\t<svg aria-hidden=\"true\" class=\"e-font-icon-svg e-fas-chevron-right\" viewbox=\"0 0 320 512\" xmlns=\"http:\/\/www.w3.org\/2000\/svg\"><path d=\"M285.476 272.971L91.132 467.314c-9.373 9.373-24.569 9.373-33.941 0l-22.667-22.667c-9.357-9.357-9.375-24.522-.04-33.901L188.505 256 34.484 101.255c-9.335-9.379-9.317-24.544.04-33.901l22.667-22.667c9.373-9.373 24.569-9.373 33.941 0L285.475 239.03c9.373 9.372 9.373 24.568.001 33.941z\"><\/path><\/svg>\t\t\t<\/div>\n\t\t<\/div>\n\t\t\t\t\t\t<\/div>\n\t\t\t\t<\/div>\n\t\t\t\t<div class=\"elementor-element elementor-element-53fee43 elementor-widget elementor-widget-button\" data-id=\"53fee43\" data-element_type=\"widget\" data-e-type=\"widget\" data-widget_type=\"button.default\">\n\t\t\t\t<div class=\"elementor-widget-container\">\n\t\t\t\t\t\t\t\t\t<div class=\"elementor-button-wrapper\">\n\t\t\t\t\t<a class=\"elementor-button elementor-button-link elementor-size-sm\" href=\"https:\/\/lpg-charlotte.com\/ru\/scientific-studies-adipose-tissue\/\">\n\t\t\t\t\t\t<span class=\"elementor-button-content-wrapper\">\n\t\t\t\t\t\t\t\t\t<span class=\"elementor-button-text\">\u0416\u0438\u0440\u043e\u0432\u0430\u044f \u0442\u043a\u0430\u043d\u044c<\/span>\n\t\t\t\t\t<\/span>\n\t\t\t\t\t<\/a>\n\t\t\t\t<\/div>\n\t\t\t\t\t\t\t\t<\/div>\n\t\t\t\t<\/div>\n\t\t\t\t<\/div>\n\t\t\t\t<div class=\"elementor-element elementor-element-01f3d15 elementor-invisible elementor-widget elementor-widget-heading\" data-id=\"01f3d15\" data-element_type=\"widget\" data-e-type=\"widget\" data-settings=\"{&quot;_animation&quot;:&quot;fadeIn&quot;,&quot;_animation_delay&quot;:100}\" data-widget_type=\"heading.default\">\n\t\t\t\t<div class=\"elementor-widget-container\">\n\t\t\t\t\t<h1 class=\"elementor-heading-title elementor-size-default\">\u0416\u0438\u0440\u043e\u0432\u0430\u044f \u0442\u043a\u0430\u043d\u044c<\/h1>\t\t\t\t<\/div>\n\t\t\t\t<\/div>\n\t\t\t\t<\/div>\n\t\t<div class=\"elementor-element elementor-element-2cac16f e-con-full e-flex elementor-invisible e-con e-child\" data-id=\"2cac16f\" data-element_type=\"container\" data-e-type=\"container\" data-settings=\"{&quot;animation&quot;:&quot;fadeIn&quot;,&quot;animation_delay&quot;:150}\">\n\t\t\t\t<div class=\"elementor-element elementor-element-5755531 elementor-widget elementor-widget-text-editor\" data-id=\"5755531\" data-element_type=\"widget\" data-e-type=\"widget\" data-widget_type=\"text-editor.default\">\n\t\t\t\t<div class=\"elementor-widget-container\">\n\t\t\t\t\t\t\t\t\t<h5><strong>Effect of LPG-endermotherapy on skin changes resulting from long-term treatment with glatiramer acetate<\/strong><\/h5><div class=\"description\" data-content-type=\"text\" data-appearance=\"default\" data-element=\"main\"><p>FOLDESOVA J., DRVOTA V., MELUZINOVA E.<\/p><p>Neurologie pro praxi 2015 16 (1); 44-47<\/p><\/div><div data-content-type=\"text\" data-appearance=\"default\" data-element=\"main\"><strong><a href=\"https:\/\/lpg-charlotte.com\/wp-content\/uploads\/2025\/03\/Effect-of-LPG-endermotherapy-on-skin-changes-resulting-from-long-term-treatment-with-glatiramer-acetate.pdf\" target=\"_blank\" rel=\"noopener\">View Study<\/a><\/strong><\/div><div data-content-type=\"text\" data-appearance=\"default\" data-element=\"main\">\u00a0<\/div><div data-content-type=\"text\" data-appearance=\"default\" data-element=\"main\"><h5><strong>Benefit of endermology on indurations and panniculitis\/lipoatrophy during relapsing-remitting multiple sclerosis long-term treatment with glatiramer acetate<\/strong><\/h5><div class=\"description\" data-content-type=\"text\" data-appearance=\"default\" data-element=\"main\"><p>MARQUEZ-REBOLLO C, VERGARA CARRASCO L, DIAZ-NAVARROR, RUBIO-FERNANDEZ D, FRANCOLI-MARTINEZ P, SANCHEZ-DE LA ROSA R<\/p><p>Adv Ther. 2014 Aug;31(8):904-14.<\/p><\/div><p><strong><a href=\"https:\/\/lpg-charlotte.com\/wp-content\/uploads\/2025\/03\/1439210468873marquez_rebollo_2014.pdf\" target=\"_blank\" rel=\"noopener\">View Study<\/a><\/strong><\/p><\/div><div class=\"title\" data-content-type=\"text\" data-appearance=\"default\" data-element=\"main\"><p>\u00a0<\/p><h5 id=\"GYE706L\"><strong>Contribution of endermology to improving indurations and panniculitis\/lipoatrophy at glatiramer acetate injection site<\/strong><\/h5><\/div><div class=\"description\" data-content-type=\"text\" data-appearance=\"default\" data-element=\"main\"><p>Rubio Fern\u00e1ndez D, Rodr\u00edguez Del Canto C, Marcos Gal\u00e1n V, Falc\u00f3n N, Edreira H, Sevane Fern\u00e1ndez L, Francoli Mart\u00ednez P, S\u00e1nchez-De la Rosa R.<\/p><p>Adv Ther. 2012 Mar;29(3):267-75.<\/p><\/div><p><strong><a href=\"https:\/\/lpg-charlotte.com\/wp-content\/uploads\/2025\/03\/3.-Contribution-of-endermology-to-improving-indurations.pdf\" target=\"_blank\" rel=\"noopener\">View Study<\/a><\/strong><\/p><div class=\"title\" data-content-type=\"text\" data-appearance=\"default\" data-element=\"main\"><p>\u00a0<\/p><h5 id=\"GYE706L\"><strong>Endermology: A treatment for injection-induced lipoatrophy in multiple sclerosis patients treated with sub cutaneous glatiramer acetate<\/strong><\/h5><\/div><div class=\"description\" data-content-type=\"text\" data-appearance=\"default\" data-element=\"main\"><p>LEBRUN C, MONDOT L, BERTAGNA M, CALLEJA A, COHEN M<\/p><p>Clin Neurol Neurosurg. 2011 Nov;113(9):721-4.<\/p><\/div><p><strong><a href=\"https:\/\/lpg-charlotte.com\/wp-content\/uploads\/2025\/03\/4.-Endermology-A-treatment-for-injection-induced-lipoatrophy.pdf\" target=\"_blank\" rel=\"noopener\">View Study<\/a><\/strong><\/p><div class=\"title\" data-content-type=\"text\" data-appearance=\"default\" data-element=\"main\"><p>\u00a0<\/p><h5 id=\"GYE706L\"><strong>Physician-aesthetic approach of kinesitherapy in overweight and body imperfections: New synergies and first results<\/strong><\/h5><\/div><div class=\"description\" data-content-type=\"text\" data-appearance=\"default\" data-element=\"main\"><p>Speziale F<\/p><p>13o Congresso Internazionale della Societ\u00e0 Italiana di Medicina Estetica (AGORA); 13-15 Ottobre 2011; Milano, Italia<\/p><\/div><p><strong><a href=\"https:\/\/lpg-charlotte.com\/wp-content\/uploads\/2025\/03\/5.-Physician-aesthetic-approach-of-kinesitherapy.pdf\" target=\"_blank\" rel=\"noopener\">View Study<\/a><\/strong><\/p><p>\u00a0<\/p><div class=\"title\" data-content-type=\"text\" data-appearance=\"default\" data-element=\"main\"><h5 id=\"GYE706L\"><strong>Impact of a Mechanical Massage on Gene Expression Profile and Lipid Mobilization in Female Gluteofemoral Adipose Tissue \/ Impact de la m\u00e9cano-stimulation sur le profil d\u2019expression g\u00e9nique et sur la mobilisation lipidique du tissu adipeux glut\u00e9of\u00e9moral chez la femme<\/strong><\/h5><\/div><div class=\"description\" data-content-type=\"text\" data-appearance=\"default\" data-element=\"main\"><p>M.A. Marques, M. Combes, B. Roussel, C. Thalamas, L. Vidal-Dupont, M. Lafontan, N. Viguerie<\/p><p>Obesity Facts, Vol.4, Issue 2, April 2011<\/p><p><strong><a href=\"https:\/\/www.lpg-group.com\/media\/wysiwyg\/PDF\/Medical\/Etudes\/Tissu-adipeux\/141415932640763_obesity_facts2011_avec_couv.pdf\" target=\"_blank\" rel=\"noopener\">View Study<\/a><\/strong><\/p><\/div><p>\u00a0<\/p><div class=\"title\" data-content-type=\"text\" data-appearance=\"default\" data-element=\"main\"><h5><strong>Treatment of lipodystrophies induced by Glatiramer Acetate<\/strong><\/h5><\/div><div class=\"description\" data-content-type=\"text\" data-appearance=\"default\" data-element=\"main\"><p>LEBRUN C, MONDOT L, BERTAGNA M, CALLEJA A, THOMAS P., COHEN M.<\/p><p>Journ\u00e9e de Neurologie de Langue Fran\u00e7aise Avril 2010 ; Lyon.<\/p><p><strong><a href=\"https:\/\/www.lpg-group.com\/media\/wysiwyg\/PDF\/Medical\/Etudes\/Tissu-adipeux\/1385375714199lebrun_vf.pdf\" target=\"_blank\" rel=\"noopener\">View Study<\/a><\/strong><\/p><\/div><p>\u00a0<\/p><div class=\"title\" data-content-type=\"text\" data-appearance=\"default\" data-element=\"main\"><h5 id=\"GYE706L\"><strong>Use of the microdialysis technique to assess lipolytic responsiveness of femoral adipose tissue after 12 sessions of mechanical massage technique.<\/strong><\/h5><\/div><div class=\"description\" data-content-type=\"text\" data-appearance=\"default\" data-element=\"main\"><p>MONTEUX C., LAFONTAN M.<\/p><p>J Eur Acad Dermatol Venereol. 2008, 22, 1465-1470<\/p><p><strong><a href=\"https:\/\/www.lpg-group.com\/media\/wysiwyg\/PDF\/Medical\/Etudes\/Tissu-adipeux\/MonteuxLafontan2008EN.pdf\" target=\"_blank\" rel=\"noopener\">View Study<\/a><\/strong><\/p><\/div><p>\u00a0<\/p><div class=\"title\" data-content-type=\"text\" data-appearance=\"default\" data-element=\"main\"><h5><strong>Endermologie and obesity<\/strong><\/h5><\/div><div class=\"description\" data-content-type=\"text\" data-appearance=\"default\" data-element=\"main\"><p>DI LORENZI G.<\/p><p>Tema Medicina 2007. AnnoXII Numero 1; 14-19.<\/p><p><strong><a href=\"https:\/\/www.lpg-group.com\/media\/wysiwyg\/PDF\/Medical\/Etudes\/Tissu-adipeux\/1472134980527de_lorenzis_2007.pdf\" target=\"_blank\" rel=\"noopener\">View Study<\/a><\/strong><\/p><\/div><p>\u00a0<\/p><div class=\"title\" data-content-type=\"text\" data-appearance=\"default\" data-element=\"main\"><h5><strong>Endermologie: humoral repercussions and estrogen interaction<\/strong><\/h5><\/div><div class=\"description\" data-content-type=\"text\" data-appearance=\"default\" data-element=\"main\"><p>BENELLI L, BERTA JL, CANNISTRA C, AMRAM P, BENHAMOU G<\/p><p>Aesthetic Plast Surg. 1999 Sep-Oct;23(5):312-5.<\/p><p><strong><a href=\"https:\/\/www.lpg-group.com\/media\/wysiwyg\/PDF\/Medical\/Etudes\/Tissu-adipeux\/Benelli_1999.pdf\" target=\"_blank\" rel=\"noopener\">View Study<\/a><\/strong><\/p><\/div>\t\t\t\t\t\t\t\t<\/div>\n\t\t\t\t<\/div>\n\t\t\t\t<\/div>\n\t\t\t\t\t<\/div>\n\t\t\t\t<\/div>\n\t\t\t\t<\/div>","protected":false},"excerpt":{"rendered":"<p>Scientific Studies Adipose Tissue Adipose Tissue Effect of LPG-endermotherapy on skin changes resulting from long-term treatment with glatiramer acetate FOLDESOVA J., DRVOTA V., MELUZINOVA E. Neurologie pro praxi 2015 16 (1); 44-47 View Study\u00a0 Benefit of endermology on indurations and panniculitis\/lipoatrophy during relapsing-remitting multiple sclerosis long-term treatment with glatiramer acetate MARQUEZ-REBOLLO C, VERGARA CARRASCO L, [&hellip;]<\/p>\n","protected":false},"author":1,"featured_media":0,"parent":0,"menu_order":0,"comment_status":"closed","ping_status":"closed","template":"","meta":{"footnotes":""},"class_list":["post-1365","page","type-page","status-publish","hentry"],"yoast_head":"<!-- This site is optimized with the Yoast SEO plugin v27.5 - https:\/\/yoast.com\/product\/yoast-seo-wordpress\/ -->\n<title>Scientific Studies | Adipose Tissue - LPG Charlotte<\/title>\n<meta name=\"robots\" content=\"index, follow, max-snippet:-1, max-image-preview:large, max-video-preview:-1\" \/>\n<link rel=\"canonical\" href=\"https:\/\/lpg-charlotte.com\/ru\/scientific-studies-adipose-tissue\/\" \/>\n<meta property=\"og:locale\" content=\"ru_RU\" \/>\n<meta property=\"og:type\" content=\"article\" \/>\n<meta property=\"og:title\" content=\"Scientific Studies | Adipose Tissue - LPG Charlotte\" \/>\n<meta property=\"og:description\" content=\"Scientific Studies Adipose Tissue Adipose Tissue Effect of LPG-endermotherapy on skin changes resulting from long-term treatment with glatiramer acetate FOLDESOVA J., DRVOTA V., MELUZINOVA E. Neurologie pro praxi 2015 16 (1); 44-47 View Study\u00a0 Benefit of endermology on indurations and panniculitis\/lipoatrophy during relapsing-remitting multiple sclerosis long-term treatment with glatiramer acetate MARQUEZ-REBOLLO C, VERGARA CARRASCO L, [&hellip;]\" \/>\n<meta property=\"og:url\" content=\"https:\/\/lpg-charlotte.com\/ru\/scientific-studies-adipose-tissue\/\" \/>\n<meta property=\"og:site_name\" content=\"LPG Charlotte\" \/>\n<meta property=\"article:modified_time\" content=\"2025-03-14T12:29:46+00:00\" \/>\n<meta name=\"twitter:card\" content=\"summary_large_image\" \/>\n<meta name=\"twitter:label1\" content=\"\u041f\u0440\u0438\u043c\u0435\u0440\u043d\u043e\u0435 \u0432\u0440\u0435\u043c\u044f \u0434\u043b\u044f \u0447\u0442\u0435\u043d\u0438\u044f\" \/>\n\t<meta name=\"twitter:data1\" content=\"2 \u043c\u0438\u043d\u0443\u0442\u044b\" \/>\n<script type=\"application\/ld+json\" class=\"yoast-schema-graph\">{\"@context\":\"https:\\\/\\\/schema.org\",\"@graph\":[{\"@type\":\"WebPage\",\"@id\":\"https:\\\/\\\/lpg-charlotte.com\\\/ru\\\/scientific-studies-adipose-tissue\\\/\",\"url\":\"https:\\\/\\\/lpg-charlotte.com\\\/ru\\\/scientific-studies-adipose-tissue\\\/\",\"name\":\"Scientific Studies | Adipose Tissue - LPG Charlotte\",\"isPartOf\":{\"@id\":\"https:\\\/\\\/lpg-charlotte.com\\\/#website\"},\"datePublished\":\"2025-03-14T12:01:42+00:00\",\"dateModified\":\"2025-03-14T12:29:46+00:00\",\"breadcrumb\":{\"@id\":\"https:\\\/\\\/lpg-charlotte.com\\\/ru\\\/scientific-studies-adipose-tissue\\\/#breadcrumb\"},\"inLanguage\":\"ru-RU\",\"potentialAction\":[{\"@type\":\"ReadAction\",\"target\":[\"https:\\\/\\\/lpg-charlotte.com\\\/ru\\\/scientific-studies-adipose-tissue\\\/\"]}]},{\"@type\":\"BreadcrumbList\",\"@id\":\"https:\\\/\\\/lpg-charlotte.com\\\/ru\\\/scientific-studies-adipose-tissue\\\/#breadcrumb\",\"itemListElement\":[{\"@type\":\"ListItem\",\"position\":1,\"name\":\"Home\",\"item\":\"https:\\\/\\\/lpg-charlotte.com\\\/\"},{\"@type\":\"ListItem\",\"position\":2,\"name\":\"Scientific Studies | Adipose Tissue\"}]},{\"@type\":\"WebSite\",\"@id\":\"https:\\\/\\\/lpg-charlotte.com\\\/#website\",\"url\":\"https:\\\/\\\/lpg-charlotte.com\\\/\",\"name\":\"LPG Charlotte\",\"description\":\"LPG Facial &amp; Body Contouring | Anti-Cellulite Care\",\"publisher\":{\"@id\":\"https:\\\/\\\/lpg-charlotte.com\\\/#organization\"},\"potentialAction\":[{\"@type\":\"SearchAction\",\"target\":{\"@type\":\"EntryPoint\",\"urlTemplate\":\"https:\\\/\\\/lpg-charlotte.com\\\/?s={search_term_string}\"},\"query-input\":{\"@type\":\"PropertyValueSpecification\",\"valueRequired\":true,\"valueName\":\"search_term_string\"}}],\"inLanguage\":\"ru-RU\"},{\"@type\":\"Organization\",\"@id\":\"https:\\\/\\\/lpg-charlotte.com\\\/#organization\",\"name\":\"LPG Charlotte\",\"url\":\"https:\\\/\\\/lpg-charlotte.com\\\/\",\"logo\":{\"@type\":\"ImageObject\",\"inLanguage\":\"ru-RU\",\"@id\":\"https:\\\/\\\/lpg-charlotte.com\\\/#\\\/schema\\\/logo\\\/image\\\/\",\"url\":\"https:\\\/\\\/lpg-charlotte.com\\\/wp-content\\\/uploads\\\/2025\\\/02\\\/logo.png\",\"contentUrl\":\"https:\\\/\\\/lpg-charlotte.com\\\/wp-content\\\/uploads\\\/2025\\\/02\\\/logo.png\",\"width\":416,\"height\":146,\"caption\":\"LPG Charlotte\"},\"image\":{\"@id\":\"https:\\\/\\\/lpg-charlotte.com\\\/#\\\/schema\\\/logo\\\/image\\\/\"}}]}<\/script>\n<!-- \/ Yoast SEO plugin. -->","yoast_head_json":{"title":"Scientific Studies | Adipose Tissue - LPG Charlotte","robots":{"index":"index","follow":"follow","max-snippet":"max-snippet:-1","max-image-preview":"max-image-preview:large","max-video-preview":"max-video-preview:-1"},"canonical":"https:\/\/lpg-charlotte.com\/ru\/scientific-studies-adipose-tissue\/","og_locale":"ru_RU","og_type":"article","og_title":"Scientific Studies | Adipose Tissue - LPG Charlotte","og_description":"Scientific Studies Adipose Tissue Adipose Tissue Effect of LPG-endermotherapy on skin changes resulting from long-term treatment with glatiramer acetate FOLDESOVA J., DRVOTA V., MELUZINOVA E. Neurologie pro praxi 2015 16 (1); 44-47 View Study\u00a0 Benefit of endermology on indurations and panniculitis\/lipoatrophy during relapsing-remitting multiple sclerosis long-term treatment with glatiramer acetate MARQUEZ-REBOLLO C, VERGARA CARRASCO L, [&hellip;]","og_url":"https:\/\/lpg-charlotte.com\/ru\/scientific-studies-adipose-tissue\/","og_site_name":"LPG Charlotte","article_modified_time":"2025-03-14T12:29:46+00:00","twitter_card":"summary_large_image","twitter_misc":{"\u041f\u0440\u0438\u043c\u0435\u0440\u043d\u043e\u0435 \u0432\u0440\u0435\u043c\u044f \u0434\u043b\u044f \u0447\u0442\u0435\u043d\u0438\u044f":"2 \u043c\u0438\u043d\u0443\u0442\u044b"},"schema":{"@context":"https:\/\/schema.org","@graph":[{"@type":"WebPage","@id":"https:\/\/lpg-charlotte.com\/ru\/scientific-studies-adipose-tissue\/","url":"https:\/\/lpg-charlotte.com\/ru\/scientific-studies-adipose-tissue\/","name":"Scientific Studies | Adipose Tissue - LPG Charlotte","isPartOf":{"@id":"https:\/\/lpg-charlotte.com\/#website"},"datePublished":"2025-03-14T12:01:42+00:00","dateModified":"2025-03-14T12:29:46+00:00","breadcrumb":{"@id":"https:\/\/lpg-charlotte.com\/ru\/scientific-studies-adipose-tissue\/#breadcrumb"},"inLanguage":"ru-RU","potentialAction":[{"@type":"ReadAction","target":["https:\/\/lpg-charlotte.com\/ru\/scientific-studies-adipose-tissue\/"]}]},{"@type":"BreadcrumbList","@id":"https:\/\/lpg-charlotte.com\/ru\/scientific-studies-adipose-tissue\/#breadcrumb","itemListElement":[{"@type":"ListItem","position":1,"name":"Home","item":"https:\/\/lpg-charlotte.com\/"},{"@type":"ListItem","position":2,"name":"Scientific Studies | Adipose Tissue"}]},{"@type":"WebSite","@id":"https:\/\/lpg-charlotte.com\/#website","url":"https:\/\/lpg-charlotte.com\/","name":"LPG Charlotte","description":"LPG Facial &amp; Body Contouring | Anti-Cellulite Care","publisher":{"@id":"https:\/\/lpg-charlotte.com\/#organization"},"potentialAction":[{"@type":"SearchAction","target":{"@type":"EntryPoint","urlTemplate":"https:\/\/lpg-charlotte.com\/?s={search_term_string}"},"query-input":{"@type":"PropertyValueSpecification","valueRequired":true,"valueName":"search_term_string"}}],"inLanguage":"ru-RU"},{"@type":"Organization","@id":"https:\/\/lpg-charlotte.com\/#organization","name":"LPG Charlotte","url":"https:\/\/lpg-charlotte.com\/","logo":{"@type":"ImageObject","inLanguage":"ru-RU","@id":"https:\/\/lpg-charlotte.com\/#\/schema\/logo\/image\/","url":"https:\/\/lpg-charlotte.com\/wp-content\/uploads\/2025\/02\/logo.png","contentUrl":"https:\/\/lpg-charlotte.com\/wp-content\/uploads\/2025\/02\/logo.png","width":416,"height":146,"caption":"LPG Charlotte"},"image":{"@id":"https:\/\/lpg-charlotte.com\/#\/schema\/logo\/image\/"}}]}},"_links":{"self":[{"href":"https:\/\/lpg-charlotte.com\/ru\/wp-json\/wp\/v2\/pages\/1365","targetHints":{"allow":["GET"]}}],"collection":[{"href":"https:\/\/lpg-charlotte.com\/ru\/wp-json\/wp\/v2\/pages"}],"about":[{"href":"https:\/\/lpg-charlotte.com\/ru\/wp-json\/wp\/v2\/types\/page"}],"author":[{"embeddable":true,"href":"https:\/\/lpg-charlotte.com\/ru\/wp-json\/wp\/v2\/users\/1"}],"replies":[{"embeddable":true,"href":"https:\/\/lpg-charlotte.com\/ru\/wp-json\/wp\/v2\/comments?post=1365"}],"version-history":[{"count":4,"href":"https:\/\/lpg-charlotte.com\/ru\/wp-json\/wp\/v2\/pages\/1365\/revisions"}],"predecessor-version":[{"id":1379,"href":"https:\/\/lpg-charlotte.com\/ru\/wp-json\/wp\/v2\/pages\/1365\/revisions\/1379"}],"wp:attachment":[{"href":"https:\/\/lpg-charlotte.com\/ru\/wp-json\/wp\/v2\/media?parent=1365"}],"curies":[{"name":"wp","href":"https:\/\/api.w.org\/{rel}","templated":true}]}}